{"id":35,"date":"2023-09-20T02:32:55","date_gmt":"2023-09-20T02:32:55","guid":{"rendered":"https:\/\/6227521.techinfo-cstj.ca\/?page_id=35"},"modified":"2023-09-20T14:40:53","modified_gmt":"2023-09-20T14:40:53","slug":"les-oceans","status":"publish","type":"page","link":"https:\/\/6227521.techinfo-cstj.ca\/","title":{"rendered":"Les Oc\u00e9ans"},"content":{"rendered":"<div class=\"wp-block-image\">\n<figure class=\"alignright is-resized\"><img decoding=\"async\" src=\"https:\/\/cdn.futura-sciences.com\/sources\/images\/planete-ocean-surchauffe-rechauffement-climatique.jpeg\" alt=\"Surchauffe des oc\u00e9ans : des cons\u00e9quences en cascade pour les humains et les  \u00e9cosyst\u00e8mes\" style=\"aspect-ratio:16\/9;object-fit:contain;width:500px\" width=\"500\"\/><\/figure>\n<\/div>\n\n\n<p><strong>Un\u00a0<strong>oc\u00e9an<\/strong>\u00a0est souvent d\u00e9fini, en g\u00e9ographie, comme une vaste \u00e9tendue d&#8217;eau\u00a0sal\u00e9e comprise entre deux continents. En fait, il s&#8217;agit plut\u00f4t d&#8217;un volume, dont l&#8217;eau est en permanence brass\u00e9e par des courants marins. Approximativement 70,8\u00a0% de la surface de la\u00a0terre est recouverte par l&#8217;oc\u00e9an mondial, commun\u00e9ment divis\u00e9 en quatre oc\u00e9ans \u2014\u00a0<a href=\"https:\/\/fr.wikipedia.org\/wiki\/Oc%C3%A9an_Pacifique\">Pacifique<\/a>,\u00a0<a href=\"https:\/\/fr.wikipedia.org\/wiki\/Oc%C3%A9an_Atlantique\">Atlantique<\/a>,\u00a0<a href=\"https:\/\/fr.wikipedia.org\/wiki\/Oc%C3%A9an_Arctique\">Arctique<\/a>\u00a0et\u00a0<a href=\"https:\/\/fr.wikipedia.org\/wiki\/Oc%C3%A9an_Indien\">Indien<\/a>\u00a0\u2014 (ou cinq pour les gouvernements ou organismes reconnaissant l&#8217;existence de l&#8217;<a href=\"https:\/\/fr.wikipedia.org\/wiki\/Oc%C3%A9an_Austral\">oc\u00e9an Austral<\/a>\u00a0avec des limites pouvant varier) et en plusieurs dizaines de\u00a0mers. Avec une profondeur moyenne de 3\u00a0682\u00a0m\u00e8tres<sup><a href=\"https:\/\/fr.wikipedia.org\/wiki\/Oc%C3%A9an#cite_note-1\">1<\/a><\/sup>, les oc\u00e9ans repr\u00e9sentent 96\u00a0% du volume<\/strong> biographie <strong>.<\/strong><\/p>\n","protected":false},"excerpt":{"rendered":"<p>Un\u00a0oc\u00e9an\u00a0est souvent d\u00e9fini, en g\u00e9ographie, comme une vaste \u00e9tendue d&#8217;eau\u00a0sal\u00e9e comprise entre deux continents. En fait, il s&#8217;agit plut\u00f4t d&#8217;un volume, dont l&#8217;eau est en permanence brass\u00e9e par des courants marins. Approximativement 70,8\u00a0% de la surface de la\u00a0terre est recouverte par l&#8217;oc\u00e9an mondial, commun\u00e9ment divis\u00e9 en quatre oc\u00e9ans \u2014\u00a0Pacifique,\u00a0Atlantique,\u00a0Arctique\u00a0et\u00a0Indien\u00a0\u2014 (ou cinq pour les gouvernements ou &hellip; <\/p>\n<p class=\"link-more\"><a href=\"https:\/\/6227521.techinfo-cstj.ca\/\" class=\"more-link\">Read more<span class=\"screen-reader-text\"> &#8220;Les Oc\u00e9ans&#8221;<\/span><\/a><\/p>\n","protected":false},"author":1,"featured_media":0,"parent":0,"menu_order":0,"comment_status":"closed","ping_status":"closed","template":"","meta":{"footnotes":""},"class_list":["post-35","page","type-page","status-publish","hentry"],"_links":{"self":[{"href":"https:\/\/6227521.techinfo-cstj.ca\/index.php\/wp-json\/wp\/v2\/pages\/35","targetHints":{"allow":["GET"]}}],"collection":[{"href":"https:\/\/6227521.techinfo-cstj.ca\/index.php\/wp-json\/wp\/v2\/pages"}],"about":[{"href":"https:\/\/6227521.techinfo-cstj.ca\/index.php\/wp-json\/wp\/v2\/types\/page"}],"author":[{"embeddable":true,"href":"https:\/\/6227521.techinfo-cstj.ca\/index.php\/wp-json\/wp\/v2\/users\/1"}],"replies":[{"embeddable":true,"href":"https:\/\/6227521.techinfo-cstj.ca\/index.php\/wp-json\/wp\/v2\/comments?post=35"}],"version-history":[{"count":5,"href":"https:\/\/6227521.techinfo-cstj.ca\/index.php\/wp-json\/wp\/v2\/pages\/35\/revisions"}],"predecessor-version":[{"id":62,"href":"https:\/\/6227521.techinfo-cstj.ca\/index.php\/wp-json\/wp\/v2\/pages\/35\/revisions\/62"}],"wp:attachment":[{"href":"https:\/\/6227521.techinfo-cstj.ca\/index.php\/wp-json\/wp\/v2\/media?parent=35"}],"curies":[{"name":"wp","href":"https:\/\/api.w.org\/{rel}","templated":true}]}}