{"id":38,"date":"2023-09-20T02:37:43","date_gmt":"2023-09-20T02:37:43","guid":{"rendered":"https:\/\/6227521.techinfo-cstj.ca\/?page_id=38"},"modified":"2023-09-20T02:37:43","modified_gmt":"2023-09-20T02:37:43","slug":"les-impacts-des-oceans-sur-le-monde","status":"publish","type":"page","link":"https:\/\/6227521.techinfo-cstj.ca\/index.php\/les-impacts-des-oceans-sur-le-monde\/","title":{"rendered":"Les impacts des oc\u00e9ans sur le monde."},"content":{"rendered":"\n<p>Les oc\u00e9ans nous nourrissent, r\u00e9gulent notre climat et g\u00e9n\u00e8rent l&#8217;essentiel de l&#8217;oxyg\u00e8ne que nous respirons. Ils sont \u00e9galement la fondation d&#8217;une grande partie de l&#8217;\u00e9conomie mondiale, soutenant des secteurs allant du tourisme \u00e0 la p\u00eache en passant par le transport maritime international.<\/p>\n\n\n\n<figure class=\"wp-block-image size-large\"><img loading=\"lazy\" decoding=\"async\" width=\"1024\" height=\"609\" src=\"https:\/\/6227521.techinfo-cstj.ca\/wp-content\/uploads\/2023\/09\/CxV-1024x609.png\" alt=\"\" class=\"wp-image-39\" srcset=\"https:\/\/6227521.techinfo-cstj.ca\/wp-content\/uploads\/2023\/09\/CxV-1024x609.png 1024w, https:\/\/6227521.techinfo-cstj.ca\/wp-content\/uploads\/2023\/09\/CxV-300x178.png 300w, https:\/\/6227521.techinfo-cstj.ca\/wp-content\/uploads\/2023\/09\/CxV-768x457.png 768w, https:\/\/6227521.techinfo-cstj.ca\/wp-content\/uploads\/2023\/09\/CxV.png 1192w\" sizes=\"auto, (max-width: 1024px) 100vw, 1024px\" \/><\/figure>\n","protected":false},"excerpt":{"rendered":"<p>Les oc\u00e9ans nous nourrissent, r\u00e9gulent notre climat et g\u00e9n\u00e8rent l&#8217;essentiel de l&#8217;oxyg\u00e8ne que nous respirons. Ils sont \u00e9galement la fondation d&#8217;une grande partie de l&#8217;\u00e9conomie mondiale, soutenant des secteurs allant du tourisme \u00e0 la p\u00eache en passant par le transport maritime international.<\/p>\n","protected":false},"author":1,"featured_media":0,"parent":0,"menu_order":0,"comment_status":"closed","ping_status":"closed","template":"","meta":{"footnotes":""},"class_list":["post-38","page","type-page","status-publish","hentry"],"_links":{"self":[{"href":"https:\/\/6227521.techinfo-cstj.ca\/index.php\/wp-json\/wp\/v2\/pages\/38","targetHints":{"allow":["GET"]}}],"collection":[{"href":"https:\/\/6227521.techinfo-cstj.ca\/index.php\/wp-json\/wp\/v2\/pages"}],"about":[{"href":"https:\/\/6227521.techinfo-cstj.ca\/index.php\/wp-json\/wp\/v2\/types\/page"}],"author":[{"embeddable":true,"href":"https:\/\/6227521.techinfo-cstj.ca\/index.php\/wp-json\/wp\/v2\/users\/1"}],"replies":[{"embeddable":true,"href":"https:\/\/6227521.techinfo-cstj.ca\/index.php\/wp-json\/wp\/v2\/comments?post=38"}],"version-history":[{"count":1,"href":"https:\/\/6227521.techinfo-cstj.ca\/index.php\/wp-json\/wp\/v2\/pages\/38\/revisions"}],"predecessor-version":[{"id":40,"href":"https:\/\/6227521.techinfo-cstj.ca\/index.php\/wp-json\/wp\/v2\/pages\/38\/revisions\/40"}],"wp:attachment":[{"href":"https:\/\/6227521.techinfo-cstj.ca\/index.php\/wp-json\/wp\/v2\/media?parent=38"}],"curies":[{"name":"wp","href":"https:\/\/api.w.org\/{rel}","templated":true}]}}